{"id":853,"date":"2013-10-04T19:27:26","date_gmt":"2013-10-04T17:27:26","guid":{"rendered":"http:\/\/ecsevilla.org\/deportes\/?page_id=853"},"modified":"2026-03-04T10:35:47","modified_gmt":"2026-03-04T09:35:47","slug":"contacta","status":"publish","type":"page","link":"http:\/\/ecsevilla.org\/deportes\/contacta\/","title":{"rendered":"Contacta"},"content":{"rendered":"<p><a href=\"http:\/\/ecsevilla.org\/deportes\/wp-content\/uploads\/2018\/10\/barra-ecs-1.jpg\"><img loading=\"lazy\" decoding=\"async\" class=\"aligncenter size-full wp-image-2093\" src=\"http:\/\/ecsevilla.org\/deportes\/wp-content\/uploads\/2018\/10\/barra-ecs-1.jpg\" alt=\"barra ecs\" width=\"901\" height=\"29\" srcset=\"http:\/\/ecsevilla.org\/deportes\/wp-content\/uploads\/2018\/10\/barra-ecs-1.jpg 901w, http:\/\/ecsevilla.org\/deportes\/wp-content\/uploads\/2018\/10\/barra-ecs-1-300x10.jpg 300w, http:\/\/ecsevilla.org\/deportes\/wp-content\/uploads\/2018\/10\/barra-ecs-1-768x25.jpg 768w\" sizes=\"auto, (max-width: 901px) 100vw, 901px\" \/><\/a><\/p>\n<p data-start=\"94\" data-end=\"258\">\n<p style=\"text-align: center;\" data-start=\"94\" data-end=\"258\"><span style=\"font-family: arial, helvetica, sans-serif; font-size: 14pt;\">Estamos a tu disposici\u00f3n para resolver cualquier consulta o facilitarte m\u00e1s informaci\u00f3n sobre los Juegos Deportivos Escolares.<\/span><\/p>\n<p style=\"text-align: center;\" data-start=\"260\" data-end=\"334\"><span style=\"font-family: arial, helvetica, sans-serif; font-size: 14pt;\">Puedes ponerte en contacto con nosotros a trav\u00e9s de los siguientes medios:<\/span><\/p>\n<p style=\"text-align: center;\" data-start=\"336\" data-end=\"427\"><span style=\"font-family: arial, helvetica, sans-serif; font-size: 14pt;\"><strong data-start=\"336\" data-end=\"350\">Direcci\u00f3n:<\/strong><\/span><br data-start=\"350\" data-end=\"353\" \/><span style=\"font-family: arial, helvetica, sans-serif; font-size: 14pt;\">Escuelas Cat\u00f3licas Sevilla<\/span><\/p>\n<p style=\"text-align: center;\" data-start=\"336\" data-end=\"427\"><span style=\"font-family: arial, helvetica, sans-serif; font-size: 14pt;\">Calle Virgen Del \u00c1guila 2 Bajo 2 (Local) CP41011 Sevilla<\/span><\/p>\n<p style=\"text-align: center;\" data-start=\"429\" data-end=\"462\"><span style=\"font-family: arial, helvetica, sans-serif; font-size: 14pt;\"><strong data-start=\"429\" data-end=\"442\">Tel\u00e9fono:<\/strong><\/span><br data-start=\"442\" data-end=\"445\" \/><span style=\"font-family: arial, helvetica, sans-serif; font-size: 14pt;\">625 403 954<\/span><\/p>\n<p style=\"text-align: center;\" data-start=\"464\" data-end=\"510\"><span style=\"font-family: arial, helvetica, sans-serif; font-size: 14pt;\"><strong data-start=\"464\" data-end=\"487\">Correo electr\u00f3nico:<\/strong><\/span><br data-start=\"487\" data-end=\"490\" \/><span style=\"font-family: arial, helvetica, sans-serif; font-size: 14pt;\"><a class=\"decorated-link cursor-pointer\" rel=\"noopener\">deportes@ecsevilla.org<\/a><\/span><\/p>\n<p style=\"text-align: center;\" data-start=\"512\" data-end=\"701\"><span style=\"font-family: arial, helvetica, sans-serif; font-size: 14pt;\">Nuestro horario de atenci\u00f3n es el siguiente:<\/span><\/p>\n<p style=\"text-align: center;\" data-start=\"512\" data-end=\"701\"><span style=\"font-family: arial, helvetica, sans-serif; font-size: 14pt;\">Lunes de 9:00h a 14:00h y de 16:00h a 18:00h.<\/span><\/p>\n<p style=\"text-align: center;\" data-start=\"512\" data-end=\"701\"><span style=\"font-family: arial, helvetica, sans-serif; font-size: 14pt;\">Martes de 9:00h a 14:00h y de 16:00h a 18:00h.<\/span><\/p>\n<p style=\"text-align: center;\" data-start=\"512\" data-end=\"701\"><span style=\"font-family: arial, helvetica, sans-serif; font-size: 14pt;\">Mi\u00e9rcoles de 9:00h a 14:00h.<\/span><\/p>\n<p style=\"text-align: center;\" data-start=\"512\" data-end=\"701\"><span style=\"font-family: arial, helvetica, sans-serif; font-size: 14pt;\">Jueves de 9:00h a 14:00h y de 16:00h a 18:00h.<\/span><\/p>\n<p style=\"text-align: center;\" data-start=\"512\" data-end=\"701\"><span style=\"font-family: arial, helvetica, sans-serif; font-size: 14pt;\">Viernes de 9:00h a 13:00h.<\/span><\/p>\n<p style=\"text-align: center;\" data-start=\"703\" data-end=\"737\" data-is-last-node=\"\" data-is-only-node=\"\">\n<p style=\"text-align: center;\" data-start=\"703\" data-end=\"737\" data-is-last-node=\"\" data-is-only-node=\"\"><span style=\"font-family: arial, helvetica, sans-serif; font-size: 14pt;\">Estaremos encantados de atenderte.<\/span><\/p>\n<p>&nbsp;<\/p>\n<p>&nbsp;<\/p>\n<p>&nbsp;<\/p>\n<p>&nbsp;<\/p>\n<p><a href=\"http:\/\/ecsevilla.org\/deportes\/wp-content\/uploads\/2018\/10\/barra-ecs-1.jpg\"><img loading=\"lazy\" decoding=\"async\" class=\"aligncenter size-full wp-image-2093\" src=\"http:\/\/ecsevilla.org\/deportes\/wp-content\/uploads\/2018\/10\/barra-ecs-1.jpg\" alt=\"barra ecs\" width=\"901\" height=\"29\" srcset=\"http:\/\/ecsevilla.org\/deportes\/wp-content\/uploads\/2018\/10\/barra-ecs-1.jpg 901w, http:\/\/ecsevilla.org\/deportes\/wp-content\/uploads\/2018\/10\/barra-ecs-1-300x10.jpg 300w, http:\/\/ecsevilla.org\/deportes\/wp-content\/uploads\/2018\/10\/barra-ecs-1-768x25.jpg 768w\" sizes=\"auto, (max-width: 901px) 100vw, 901px\" \/><\/a><\/p>\n<p>&nbsp;<\/p>\n<p>&nbsp;<\/p>\n","protected":false},"excerpt":{"rendered":"<p>Estamos a tu disposici\u00f3n para resolver cualquier consulta o facilitarte m\u00e1s informaci\u00f3n sobre los Juegos Deportivos Escolares. Puedes ponerte en contacto con nosotros a trav\u00e9s de los siguientes medios: Direcci\u00f3n:Escuelas&hellip; <\/p>\n","protected":false},"author":214,"featured_media":0,"parent":0,"menu_order":0,"comment_status":"closed","ping_status":"closed","template":"","meta":{"footnotes":""},"class_list":["post-853","page","type-page","status-publish","hentry"],"_links":{"self":[{"href":"http:\/\/ecsevilla.org\/deportes\/wp-json\/wp\/v2\/pages\/853","targetHints":{"allow":["GET"]}}],"collection":[{"href":"http:\/\/ecsevilla.org\/deportes\/wp-json\/wp\/v2\/pages"}],"about":[{"href":"http:\/\/ecsevilla.org\/deportes\/wp-json\/wp\/v2\/types\/page"}],"author":[{"embeddable":true,"href":"http:\/\/ecsevilla.org\/deportes\/wp-json\/wp\/v2\/users\/214"}],"replies":[{"embeddable":true,"href":"http:\/\/ecsevilla.org\/deportes\/wp-json\/wp\/v2\/comments?post=853"}],"version-history":[{"count":5,"href":"http:\/\/ecsevilla.org\/deportes\/wp-json\/wp\/v2\/pages\/853\/revisions"}],"predecessor-version":[{"id":3729,"href":"http:\/\/ecsevilla.org\/deportes\/wp-json\/wp\/v2\/pages\/853\/revisions\/3729"}],"wp:attachment":[{"href":"http:\/\/ecsevilla.org\/deportes\/wp-json\/wp\/v2\/media?parent=853"}],"curies":[{"name":"wp","href":"https:\/\/api.w.org\/{rel}","templated":true}]}}