{"id":348,"date":"2013-08-26T21:01:48","date_gmt":"2013-08-26T19:01:48","guid":{"rendered":"http:\/\/ecsevilla.org\/deportes\/?page_id=348"},"modified":"2024-07-17T14:14:27","modified_gmt":"2024-07-17T12:14:27","slug":"aviso-legal","status":"publish","type":"page","link":"http:\/\/ecsevilla.org\/deportes\/aviso-legal\/","title":{"rendered":"Aviso Legal &#038; Pol\u00edtica de Privacidad"},"content":{"rendered":"<p style=\"text-align: justify;\">ASOC. PROV. EDUCACI\u00d3N Y GESTI\u00d3N DE SEVILLA con CIF G-41366477 ha desarrollado con car\u00e1cter informativo los contenidos que se exponen en su sitio Web www.ecsevilla.org como resumen de su actividad. El acceso a la p\u00e1gina Web de ASOC. PROV. EDUCACI\u00d3N Y GESTI\u00d3N DE SEVILLA implica que el usuario admite sin reservas la aceptaci\u00f3n de las condiciones generales de uso que a continuaci\u00f3n se describen. El usuario acepta que no podr\u00e1 introducir datos personales o mercantiles en los distintos formularios que presenta el sitio Web sin respetar y admitir las condiciones generales.<\/p>\n<p style=\"text-align: justify;\">CONDICIONES GENERALES<\/p>\n<p style=\"text-align: justify;\">1. RESTRICCIONES<\/p>\n<p style=\"text-align: justify;\">Utilizar el sitio Web para ning\u00fan prop\u00f3sito ilegal o violando cualquier ley local, estatal, nacional o internacional, incluyendo, sin limitaci\u00f3n, las leyes que rigen la propiedad intelectual y otros derechos de propiedad y protecci\u00f3n de datos y privacidad y en concreto:<\/p>\n<ul style=\"text-align: justify;\">\n<li>Difamar, acosar, abusar, amenazar o defraudar a los usuarios o de terceros, o recoger o intentar recoger informaci\u00f3n personal sobre los usuarios o terceros sin su consentimiento, o el uso del material \/ contenido para cualquier otro uso que el estrictamente permitido en el presente.<\/li>\n<li>Suprimir, eludir, deshabilitar, da\u00f1ar o interferir con la seguridad relacionada con las caracter\u00edsticas del sitio Web.<\/li>\n<li>Introducir cualquier c\u00f3digo malicioso incluyendo, sin limitaci\u00f3n de carga o de lo contrario la difusi\u00f3n de virus, adware, spyware, gusanos o cualquier otro c\u00f3digo malicioso y \/ o tomar cualquier acci\u00f3n que imponga una carga excesiva para la infraestructura de ASOC. PROV. EDUCACI\u00d3N Y GESTI\u00d3N DE SEVILLA .<\/li>\n<li>Utilizar, exhibir, o utilizar t\u00e9cnicas de enmarcado para encerrar el sitio Web o cualquiera de sus componentes.<\/li>\n<li>Enviar correo electr\u00f3nico no solicitado, correo basura, spam, cartas en cadena, o promociones o publicidad de productos o servicios.<\/li>\n<\/ul>\n<p style=\"text-align: justify;\">2. DERECHOS DE AUTOR<\/p>\n<p style=\"text-align: justify;\">Los contenidos del sitio Web han sido creados por ASOC. PROV. EDUCACI\u00d3N Y GESTI\u00d3N DE SEVILLA \u00a0estando plenamente protegidos por los derechos de autor. No pudiendo en ning\u00fan caso el uso de contenidos, im\u00e1genes, logotipos o marcas que aparecen en el sitio Web sin el consentimiento expreso y por escrito por parte de ASOC. PROV. EDUCACI\u00d3N Y GESTI\u00d3N DE SEVILLA .<\/p>\n<p style=\"text-align: justify;\">3. DERECHO APLICABLE Y JURISDICCI\u00d3N<\/p>\n<p style=\"text-align: justify;\">Las presentes condiciones generales se rigen por la legislaci\u00f3n espa\u00f1ola. En caso de controversia la misma deber\u00e1 ser resuelta por los Tribunales de Sevilla, los usuarios del sitio web que no respeten de forma estricta las condiciones de uso establecidas ser\u00e1n responsables por su incumplimiento.<\/p>\n<p style=\"text-align: justify;\">4. PROTECCI\u00d3N DE DATOS<\/p>\n<p><strong>Pol\u00edtica de privacidad <\/strong><\/p>\n<p><strong>\u00a0<\/strong><\/p>\n<p>A trav\u00e9s de este sitio web no se recaban datos de car\u00e1cter personal de los usuarios sin su conocimiento.<\/p>\n<p>El portal del que es titular Asoc. Prov. Educaci\u00f3n y Gesti\u00f3n de Sevilla contiene enlaces a sitios web de terceros, cuyas pol\u00edticas de privacidad son ajenas a la de Asoc. Prov. Educaci\u00f3n y Gesti\u00f3n de Sevilla. Al acceder a tales sitios web usted puede decidir si acepta sus pol\u00edticas de privacidad.<\/p>\n<p><strong>Informaci\u00f3n b\u00e1sica sobre protecci\u00f3n de datos<\/strong><\/p>\n<p><strong>Responsable del tratamiento<\/strong><\/p>\n<p>Los datos de car\u00e1cter personal que se pudieran recabar directamente del interesado ser\u00e1n tratados de forma confidencial y quedar\u00e1n incorporados a la correspondiente actividad de tratamiento titularidad de\u00a0 Asoc. Prov. Educaci\u00f3n y Gesti\u00f3n de Sevilla<\/p>\n<p><strong>Finalidad<\/strong><\/p>\n<p>La finalidad del tratamiento de los datos corresponde a cada una de las actividades de tratamiento que realiza Asoc. Prov. Educaci\u00f3n y Gesti\u00f3n de Sevilla. Para el caso de utilizar los formularios de contacto de esta web su finalidad ser\u00e1 la de atenderlos.<\/p>\n<p><strong>Legitimaci\u00f3n<\/strong><\/p>\n<p>El tratamiento de sus datos se realiza para el cumplimiento de obligaciones legales por parte de Asoc. Prov. Educaci\u00f3n y Gesti\u00f3n de Sevilla, o para la ejecuci\u00f3n de un contrato en que el interesado es parte o para la aplicaci\u00f3n a petici\u00f3n de \u00e9ste de medidas precontractuales.<\/p>\n<p><strong>Conservaci\u00f3n de datos<\/strong><\/p>\n<p>Los datos personales se conservar\u00e1n durante el tiempo necesario para cumplir con la finalidad para la que se recaban y las obligaciones legales que correspondan.<\/p>\n<p><strong>Comunicaci\u00f3n y cesi\u00f3n de datos<\/strong><\/p>\n<p>Con car\u00e1cter general no se comunicar\u00e1n los datos personales a terceros, salvo obligaci\u00f3n legal. Los datos de car\u00e1cter personal solo ser\u00e1n cedidos a personas o entidades asociados, participadas o vinculadas con Asoc. Prov. Educaci\u00f3n y Gesti\u00f3n de Sevilla, as\u00ed como a personas o entidades con quienes tenga suscrito contratos de agencia o colaboraci\u00f3n, para el \u00fanico fin de prestar los servicios que le son propios con la mayor calidad y eficacia posible. En cualquier otro caso no se producir\u00e1 cesi\u00f3n alguna de datos sin el consentimiento expreso del titular de dichos datos.<\/p>\n<p><strong>\u00a0<\/strong><\/p>\n<p><strong>Menores<\/strong><\/p>\n<p>Los servicios prestados por Asoc. Prov. Educaci\u00f3n y Gesti\u00f3n de Sevilla est\u00e1n dirigidos a mayores de 14 a\u00f1os. En el supuesto excepcional de que se desarrollara alg\u00fan servicio dirigido espec\u00edficamente a menores de dicha edad, Asoc. Prov. Educaci\u00f3n y Gesti\u00f3n de Sevilla solicitar\u00e1 la conformidad de los padres o tutores para la recogida de los datos personales y, en su caso, para el tratamiento de los mismos.<\/p>\n<p>&nbsp;<\/p>\n<p><strong>Confidencialidad<\/strong><\/p>\n<p>Asoc. Prov. Educaci\u00f3n y Gesti\u00f3n de Sevilla se compromete al cumplimiento de la obligaci\u00f3n de secreto con respecto a los datos de car\u00e1cter personal suministrados y al deber de tratarlos con confidencialidad y reserva, conforme a la legislaci\u00f3n vigente. A estos efectos adoptar\u00e1 las medidas necesarias para evitar su alteraci\u00f3n, p\u00e9rdida, tratamiento o acceso no autorizado.<\/p>\n<p>&nbsp;<\/p>\n<p><strong>Derechos de los interesados<\/strong><\/p>\n<p>Cualquier persona tiene derecho a obtener confirmaci\u00f3n sobre los tratamientos que de sus datos que se llevan a cabo por la Asoc. Prov. Educaci\u00f3n y Gesti\u00f3n de Sevilla<\/p>\n<p>Puede ejercer los derechos de acceso, rectificaci\u00f3n, supresi\u00f3n y portabilidad de sus datos, limitaci\u00f3n y oposici\u00f3n a su tratamiento, as\u00ed como a no ser objeto de decisiones basadas \u00fanicamente en el tratamiento automatizado de sus datos, cuando procedan, ante Asoc. Prov. Educaci\u00f3n y Gesti\u00f3n de Sevilla\u00a0 en calle Virgen del \u00c1guila, n\u00ba2, Bajo 2 (local), 41011 Sevilla o en la direcci\u00f3n de correo electr\u00f3nico <a href=\"mailto:info@ecsevilla.org\">info@ecsevilla.org<\/a><\/p>\n<p>Asoc. Prov. Educaci\u00f3n y Gesti\u00f3n de Sevilla se reserva el derecho de modificar esta pol\u00edtica de privacidad en cumplimiento y adaptaci\u00f3n de posibles normativas en materia de protecci\u00f3n y seguridad de datos.<\/p>\n","protected":false},"excerpt":{"rendered":"<p>ASOC. PROV. EDUCACI\u00d3N Y GESTI\u00d3N DE SEVILLA con CIF G-41366477 ha desarrollado con car\u00e1cter informativo los contenidos que se exponen en su sitio Web www.ecsevilla.org como resumen de su actividad.&hellip; <\/p>\n","protected":false},"author":214,"featured_media":0,"parent":0,"menu_order":0,"comment_status":"closed","ping_status":"closed","template":"","meta":{"footnotes":""},"class_list":["post-348","page","type-page","status-publish","hentry"],"_links":{"self":[{"href":"http:\/\/ecsevilla.org\/deportes\/wp-json\/wp\/v2\/pages\/348","targetHints":{"allow":["GET"]}}],"collection":[{"href":"http:\/\/ecsevilla.org\/deportes\/wp-json\/wp\/v2\/pages"}],"about":[{"href":"http:\/\/ecsevilla.org\/deportes\/wp-json\/wp\/v2\/types\/page"}],"author":[{"embeddable":true,"href":"http:\/\/ecsevilla.org\/deportes\/wp-json\/wp\/v2\/users\/214"}],"replies":[{"embeddable":true,"href":"http:\/\/ecsevilla.org\/deportes\/wp-json\/wp\/v2\/comments?post=348"}],"version-history":[{"count":9,"href":"http:\/\/ecsevilla.org\/deportes\/wp-json\/wp\/v2\/pages\/348\/revisions"}],"predecessor-version":[{"id":3571,"href":"http:\/\/ecsevilla.org\/deportes\/wp-json\/wp\/v2\/pages\/348\/revisions\/3571"}],"wp:attachment":[{"href":"http:\/\/ecsevilla.org\/deportes\/wp-json\/wp\/v2\/media?parent=348"}],"curies":[{"name":"wp","href":"https:\/\/api.w.org\/{rel}","templated":true}]}}